{"id":83,"date":"2020-12-11T10:55:48","date_gmt":"2020-12-11T10:55:48","guid":{"rendered":"https:\/\/test.tompaz.org\/wpress\/?page_id=83"},"modified":"2023-04-07T12:02:18","modified_gmt":"2023-04-07T12:02:18","slug":"kontakt","status":"publish","type":"page","link":"https:\/\/www.tompaz.org\/index.php\/kontakt\/","title":{"rendered":"Kontakt"},"content":{"rendered":"\n<figure class=\"wp-block-image\"><img decoding=\"async\" src=\"https:\/\/www.tompaz.org\/typo3temp\/pics\/948ce80084.gif\" alt=\"\" title=\"\"\/><\/figure>\n\n\n\n<p><strong>Vielleicht k\u00f6nnen wir f\u00fcr Sie etwas tun ?<\/strong> Ich habe eine Frage oder m\u00f6chte Ihnen eine Anregung schicken. Ich m\u00f6chte \u00fcber mein Projekt mit Ihnen sprechen. Ich ben\u00f6tige Unterst\u00fctzung. Ich m\u00f6chte eine Homepage bei Ihnen betreiben. \u00a0 Schicken Sie uns doch einfach eine Anfrage zu, wir werden uns schnellstens bei Ihnen melden ! \u00a0 Bitte senden Sie Ihre Anfrage per EMAIL, die EMAIL Adresse finden Sie im Impressum.<\/p>\n","protected":false},"excerpt":{"rendered":"<p>Vielleicht k\u00f6nnen wir f\u00fcr Sie etwas tun ? Ich habe eine Frage oder m\u00f6chte Ihnen eine Anregung schicken. Ich m\u00f6chte \u00fcber mein Projekt mit Ihnen sprechen. Ich ben\u00f6tige Unterst\u00fctzung. Ich m\u00f6chte eine Homepage bei Ihnen betreiben. \u00a0 Schicken Sie uns doch einfach eine Anfrage zu, wir werden uns schnellstens bei Ihnen melden ! \u00a0 Bitte [&hellip;]<\/p>\n","protected":false},"author":1,"featured_media":0,"parent":0,"menu_order":0,"comment_status":"closed","ping_status":"closed","template":"","meta":{"site-sidebar-layout":"default","site-content-layout":"","ast-site-content-layout":"default","site-content-style":"default","site-sidebar-style":"default","ast-global-header-display":"","ast-banner-title-visibility":"","ast-main-header-display":"","ast-hfb-above-header-display":"","ast-hfb-below-header-display":"","ast-hfb-mobile-header-display":"","site-post-title":"disabled","ast-breadcrumbs-content":"","ast-featured-img":"","footer-sml-layout":"","ast-disable-related-posts":"","theme-transparent-header-meta":"","adv-header-id-meta":"","stick-header-meta":"","header-above-stick-meta":"","header-main-stick-meta":"","header-below-stick-meta":"","astra-migrate-meta-layouts":"default","ast-page-background-enabled":"default","ast-page-background-meta":{"desktop":{"background-color":"","background-image":"","background-repeat":"repeat","background-position":"center center","background-size":"auto","background-attachment":"scroll","background-type":"","background-media":"","overlay-type":"","overlay-color":"","overlay-opacity":"","overlay-gradient":""},"tablet":{"background-color":"","background-image":"","background-repeat":"repeat","background-position":"center center","background-size":"auto","background-attachment":"scroll","background-type":"","background-media":"","overlay-type":"","overlay-color":"","overlay-opacity":"","overlay-gradient":""},"mobile":{"background-color":"","background-image":"","background-repeat":"repeat","background-position":"center center","background-size":"auto","background-attachment":"scroll","background-type":"","background-media":"","overlay-type":"","overlay-color":"","overlay-opacity":"","overlay-gradient":""}},"ast-content-background-meta":{"desktop":{"background-color":"var(--ast-global-color-5)","background-image":"","background-repeat":"repeat","background-position":"center center","background-size":"auto","background-attachment":"scroll","background-type":"","background-media":"","overlay-type":"","overlay-color":"","overlay-opacity":"","overlay-gradient":""},"tablet":{"background-color":"var(--ast-global-color-5)","background-image":"","background-repeat":"repeat","background-position":"center center","background-size":"auto","background-attachment":"scroll","background-type":"","background-media":"","overlay-type":"","overlay-color":"","overlay-opacity":"","overlay-gradient":""},"mobile":{"background-color":"var(--ast-global-color-5)","background-image":"","background-repeat":"repeat","background-position":"center center","background-size":"auto","background-attachment":"scroll","background-type":"","background-media":"","overlay-type":"","overlay-color":"","overlay-opacity":"","overlay-gradient":""}},"footnotes":""},"class_list":["post-83","page","type-page","status-publish","hentry"],"yoast_head":"<!-- This site is optimized with the Yoast SEO plugin v27.5 - https:\/\/yoast.com\/product\/yoast-seo-wordpress\/ -->\n<title>Kontakt - TOMPAZ<\/title>\n<meta name=\"robots\" content=\"index, follow, max-snippet:-1, max-image-preview:large, max-video-preview:-1\" \/>\n<link rel=\"canonical\" href=\"https:\/\/www.tompaz.org\/index.php\/kontakt\/\" \/>\n<meta property=\"og:locale\" content=\"de_DE\" \/>\n<meta property=\"og:type\" content=\"article\" \/>\n<meta property=\"og:title\" content=\"Kontakt - TOMPAZ\" \/>\n<meta property=\"og:description\" content=\"Vielleicht k\u00f6nnen wir f\u00fcr Sie etwas tun ? Ich habe eine Frage oder m\u00f6chte Ihnen eine Anregung schicken. Ich m\u00f6chte \u00fcber mein Projekt mit Ihnen sprechen. Ich ben\u00f6tige Unterst\u00fctzung. Ich m\u00f6chte eine Homepage bei Ihnen betreiben. \u00a0 Schicken Sie uns doch einfach eine Anfrage zu, wir werden uns schnellstens bei Ihnen melden ! \u00a0 Bitte [&hellip;]\" \/>\n<meta property=\"og:url\" content=\"https:\/\/www.tompaz.org\/index.php\/kontakt\/\" \/>\n<meta property=\"og:site_name\" content=\"TOMPAZ\" \/>\n<meta property=\"article:modified_time\" content=\"2023-04-07T12:02:18+00:00\" \/>\n<meta property=\"og:image\" content=\"https:\/\/www.tompaz.org\/typo3temp\/pics\/948ce80084.gif\" \/>\n<meta name=\"twitter:card\" content=\"summary_large_image\" \/>\n<meta name=\"twitter:label1\" content=\"Gesch\u00e4tzte Lesezeit\" \/>\n\t<meta name=\"twitter:data1\" content=\"1\u00a0Minute\" \/>\n<script type=\"application\/ld+json\" class=\"yoast-schema-graph\">{\"@context\":\"https:\\\/\\\/schema.org\",\"@graph\":[{\"@type\":\"WebPage\",\"@id\":\"https:\\\/\\\/www.tompaz.org\\\/index.php\\\/kontakt\\\/\",\"url\":\"https:\\\/\\\/www.tompaz.org\\\/index.php\\\/kontakt\\\/\",\"name\":\"Kontakt - TOMPAZ\",\"isPartOf\":{\"@id\":\"https:\\\/\\\/www.tompaz.org\\\/#website\"},\"primaryImageOfPage\":{\"@id\":\"https:\\\/\\\/www.tompaz.org\\\/index.php\\\/kontakt\\\/#primaryimage\"},\"image\":{\"@id\":\"https:\\\/\\\/www.tompaz.org\\\/index.php\\\/kontakt\\\/#primaryimage\"},\"thumbnailUrl\":\"https:\\\/\\\/www.tompaz.org\\\/typo3temp\\\/pics\\\/948ce80084.gif\",\"datePublished\":\"2020-12-11T10:55:48+00:00\",\"dateModified\":\"2023-04-07T12:02:18+00:00\",\"breadcrumb\":{\"@id\":\"https:\\\/\\\/www.tompaz.org\\\/index.php\\\/kontakt\\\/#breadcrumb\"},\"inLanguage\":\"de\",\"potentialAction\":[{\"@type\":\"ReadAction\",\"target\":[\"https:\\\/\\\/www.tompaz.org\\\/index.php\\\/kontakt\\\/\"]}]},{\"@type\":\"ImageObject\",\"inLanguage\":\"de\",\"@id\":\"https:\\\/\\\/www.tompaz.org\\\/index.php\\\/kontakt\\\/#primaryimage\",\"url\":\"https:\\\/\\\/www.tompaz.org\\\/typo3temp\\\/pics\\\/948ce80084.gif\",\"contentUrl\":\"https:\\\/\\\/www.tompaz.org\\\/typo3temp\\\/pics\\\/948ce80084.gif\"},{\"@type\":\"BreadcrumbList\",\"@id\":\"https:\\\/\\\/www.tompaz.org\\\/index.php\\\/kontakt\\\/#breadcrumb\",\"itemListElement\":[{\"@type\":\"ListItem\",\"position\":1,\"name\":\"Home\",\"item\":\"https:\\\/\\\/www.tompaz.org\\\/\"},{\"@type\":\"ListItem\",\"position\":2,\"name\":\"Kontakt\"}]},{\"@type\":\"WebSite\",\"@id\":\"https:\\\/\\\/www.tompaz.org\\\/#website\",\"url\":\"https:\\\/\\\/www.tompaz.org\\\/\",\"name\":\"TOMPAZ\",\"description\":\"IT \\\/ Photo \\\/ Automatisierung Services\",\"publisher\":{\"@id\":\"https:\\\/\\\/www.tompaz.org\\\/#organization\"},\"potentialAction\":[{\"@type\":\"SearchAction\",\"target\":{\"@type\":\"EntryPoint\",\"urlTemplate\":\"https:\\\/\\\/www.tompaz.org\\\/?s={search_term_string}\"},\"query-input\":{\"@type\":\"PropertyValueSpecification\",\"valueRequired\":true,\"valueName\":\"search_term_string\"}}],\"inLanguage\":\"de\"},{\"@type\":\"Organization\",\"@id\":\"https:\\\/\\\/www.tompaz.org\\\/#organization\",\"name\":\"TOMPAZ\",\"url\":\"https:\\\/\\\/www.tompaz.org\\\/\",\"logo\":{\"@type\":\"ImageObject\",\"inLanguage\":\"de\",\"@id\":\"https:\\\/\\\/www.tompaz.org\\\/#\\\/schema\\\/logo\\\/image\\\/\",\"url\":\"https:\\\/\\\/www.tompaz.org\\\/wp-content\\\/uploads\\\/2020\\\/12\\\/cropped-logo.jpg\",\"contentUrl\":\"https:\\\/\\\/www.tompaz.org\\\/wp-content\\\/uploads\\\/2020\\\/12\\\/cropped-logo.jpg\",\"width\":210,\"height\":70,\"caption\":\"TOMPAZ\"},\"image\":{\"@id\":\"https:\\\/\\\/www.tompaz.org\\\/#\\\/schema\\\/logo\\\/image\\\/\"}}]}<\/script>\n<!-- \/ Yoast SEO plugin. -->","yoast_head_json":{"title":"Kontakt - TOMPAZ","robots":{"index":"index","follow":"follow","max-snippet":"max-snippet:-1","max-image-preview":"max-image-preview:large","max-video-preview":"max-video-preview:-1"},"canonical":"https:\/\/www.tompaz.org\/index.php\/kontakt\/","og_locale":"de_DE","og_type":"article","og_title":"Kontakt - TOMPAZ","og_description":"Vielleicht k\u00f6nnen wir f\u00fcr Sie etwas tun ? Ich habe eine Frage oder m\u00f6chte Ihnen eine Anregung schicken. Ich m\u00f6chte \u00fcber mein Projekt mit Ihnen sprechen. Ich ben\u00f6tige Unterst\u00fctzung. Ich m\u00f6chte eine Homepage bei Ihnen betreiben. \u00a0 Schicken Sie uns doch einfach eine Anfrage zu, wir werden uns schnellstens bei Ihnen melden ! \u00a0 Bitte [&hellip;]","og_url":"https:\/\/www.tompaz.org\/index.php\/kontakt\/","og_site_name":"TOMPAZ","article_modified_time":"2023-04-07T12:02:18+00:00","og_image":[{"url":"https:\/\/www.tompaz.org\/typo3temp\/pics\/948ce80084.gif","type":"","width":"","height":""}],"twitter_card":"summary_large_image","twitter_misc":{"Gesch\u00e4tzte Lesezeit":"1\u00a0Minute"},"schema":{"@context":"https:\/\/schema.org","@graph":[{"@type":"WebPage","@id":"https:\/\/www.tompaz.org\/index.php\/kontakt\/","url":"https:\/\/www.tompaz.org\/index.php\/kontakt\/","name":"Kontakt - TOMPAZ","isPartOf":{"@id":"https:\/\/www.tompaz.org\/#website"},"primaryImageOfPage":{"@id":"https:\/\/www.tompaz.org\/index.php\/kontakt\/#primaryimage"},"image":{"@id":"https:\/\/www.tompaz.org\/index.php\/kontakt\/#primaryimage"},"thumbnailUrl":"https:\/\/www.tompaz.org\/typo3temp\/pics\/948ce80084.gif","datePublished":"2020-12-11T10:55:48+00:00","dateModified":"2023-04-07T12:02:18+00:00","breadcrumb":{"@id":"https:\/\/www.tompaz.org\/index.php\/kontakt\/#breadcrumb"},"inLanguage":"de","potentialAction":[{"@type":"ReadAction","target":["https:\/\/www.tompaz.org\/index.php\/kontakt\/"]}]},{"@type":"ImageObject","inLanguage":"de","@id":"https:\/\/www.tompaz.org\/index.php\/kontakt\/#primaryimage","url":"https:\/\/www.tompaz.org\/typo3temp\/pics\/948ce80084.gif","contentUrl":"https:\/\/www.tompaz.org\/typo3temp\/pics\/948ce80084.gif"},{"@type":"BreadcrumbList","@id":"https:\/\/www.tompaz.org\/index.php\/kontakt\/#breadcrumb","itemListElement":[{"@type":"ListItem","position":1,"name":"Home","item":"https:\/\/www.tompaz.org\/"},{"@type":"ListItem","position":2,"name":"Kontakt"}]},{"@type":"WebSite","@id":"https:\/\/www.tompaz.org\/#website","url":"https:\/\/www.tompaz.org\/","name":"TOMPAZ","description":"IT \/ Photo \/ Automatisierung Services","publisher":{"@id":"https:\/\/www.tompaz.org\/#organization"},"potentialAction":[{"@type":"SearchAction","target":{"@type":"EntryPoint","urlTemplate":"https:\/\/www.tompaz.org\/?s={search_term_string}"},"query-input":{"@type":"PropertyValueSpecification","valueRequired":true,"valueName":"search_term_string"}}],"inLanguage":"de"},{"@type":"Organization","@id":"https:\/\/www.tompaz.org\/#organization","name":"TOMPAZ","url":"https:\/\/www.tompaz.org\/","logo":{"@type":"ImageObject","inLanguage":"de","@id":"https:\/\/www.tompaz.org\/#\/schema\/logo\/image\/","url":"https:\/\/www.tompaz.org\/wp-content\/uploads\/2020\/12\/cropped-logo.jpg","contentUrl":"https:\/\/www.tompaz.org\/wp-content\/uploads\/2020\/12\/cropped-logo.jpg","width":210,"height":70,"caption":"TOMPAZ"},"image":{"@id":"https:\/\/www.tompaz.org\/#\/schema\/logo\/image\/"}}]}},"jetpack_sharing_enabled":true,"_links":{"self":[{"href":"https:\/\/www.tompaz.org\/index.php\/wp-json\/wp\/v2\/pages\/83","targetHints":{"allow":["GET"]}}],"collection":[{"href":"https:\/\/www.tompaz.org\/index.php\/wp-json\/wp\/v2\/pages"}],"about":[{"href":"https:\/\/www.tompaz.org\/index.php\/wp-json\/wp\/v2\/types\/page"}],"author":[{"embeddable":true,"href":"https:\/\/www.tompaz.org\/index.php\/wp-json\/wp\/v2\/users\/1"}],"replies":[{"embeddable":true,"href":"https:\/\/www.tompaz.org\/index.php\/wp-json\/wp\/v2\/comments?post=83"}],"version-history":[{"count":6,"href":"https:\/\/www.tompaz.org\/index.php\/wp-json\/wp\/v2\/pages\/83\/revisions"}],"predecessor-version":[{"id":237,"href":"https:\/\/www.tompaz.org\/index.php\/wp-json\/wp\/v2\/pages\/83\/revisions\/237"}],"wp:attachment":[{"href":"https:\/\/www.tompaz.org\/index.php\/wp-json\/wp\/v2\/media?parent=83"}],"curies":[{"name":"wp","href":"https:\/\/api.w.org\/{rel}","templated":true}]}}