{"id":74,"date":"2020-12-11T10:54:09","date_gmt":"2020-12-11T10:54:09","guid":{"rendered":"https:\/\/test.tompaz.org\/wpress\/?page_id=74"},"modified":"2023-11-22T19:51:31","modified_gmt":"2023-11-22T19:51:31","slug":"services","status":"publish","type":"page","link":"https:\/\/www.tompaz.org\/index.php\/services\/","title":{"rendered":"Mac &#8211; Services"},"content":{"rendered":"\n<figure class=\"wp-block-image size-large is-resized is-style-default\"><img loading=\"lazy\" decoding=\"async\" width=\"1024\" height=\"601\" src=\"https:\/\/www.tompaz.org\/wp-content\/uploads\/2021\/02\/Bildschirmfoto-2021-02-06-um-12.14.15-1024x601.jpg\" alt=\"\" class=\"wp-image-129\" style=\"width:215px;height:auto\" srcset=\"https:\/\/www.tompaz.org\/wp-content\/uploads\/2021\/02\/Bildschirmfoto-2021-02-06-um-12.14.15-1024x601.jpg 1024w, https:\/\/www.tompaz.org\/wp-content\/uploads\/2021\/02\/Bildschirmfoto-2021-02-06-um-12.14.15-300x176.jpg 300w, https:\/\/www.tompaz.org\/wp-content\/uploads\/2021\/02\/Bildschirmfoto-2021-02-06-um-12.14.15-768x451.jpg 768w, https:\/\/www.tompaz.org\/wp-content\/uploads\/2021\/02\/Bildschirmfoto-2021-02-06-um-12.14.15.jpg 1182w\" sizes=\"auto, (max-width: 1024px) 100vw, 1024px\" \/><\/figure>\n\n\n\n<h1 class=\"wp-block-heading\">Mac Services<\/h1>\n\n\n\n<p>Biete Hilfestellung im Bereich MAC Notebooks:<\/p>\n\n\n\n<ul class=\"wp-block-list\">\n<li>Hilfe bei Hardware-, und Betriebssystem-Problemen<\/li>\n\n\n\n<li>Speicher- und Festplattenaufr\u00fcstung<\/li>\n\n\n\n<li>Einrichtung und Wartung einer Datensicherung (Backup), Datenrettung.<\/li>\n\n\n\n<li>Mac Aufr\u00fcstungen wie z.B. externe Festplattenerweiterung (USB, Firewire)<\/li>\n\n\n\n<li>Upgrades auf das neueste MacOS<\/li>\n\n\n\n<li>Beratung<\/li>\n\n\n\n<li>Fernwartung<\/li>\n<\/ul>\n\n\n\n<p>Wer seine Arbeitsumgebung liebt und die Zeit nur f\u00fcr wichtige Themen nutzen m\u00f6chte sollte seinen Mac soweit absichern das bei einem Verlust des Ger\u00e4tes alles noch da ist und man seine Zeit nicht mit unn\u00f6tigen Installieren oder wiederbeschaffen seiner Daten lange verbringt.<br>Das Mac Betriebssystem hat fast alle Funktionen die dieses erm\u00f6glichen.<\/p>\n\n\n\n<ul class=\"wp-block-list\">\n<li>Notfall USB Stick von dem man sein Betriebssystem oder Notfallsystem starten kann.<\/li>\n\n\n\n<li>Regelm\u00e4\u00dfige Backups auf NAS oder Externe Festplatte mit TimeMachine.<\/li>\n\n\n\n<li>Mac Klonen auf externe Festplatte (1:1)\n<ul class=\"wp-block-list\">\n<li>Damit erh\u00e4lt man eine externe Festplatte die 1:1 Identisch ist mit der internen Festplatte seines Ger\u00e4ts. Von dieser Festplatte kann der Mac oder ein anderer MAC gestartet werden. Im Notfall hat man quasi sofort sein System wieder.<\/li>\n<\/ul>\n<\/li>\n<\/ul>\n","protected":false},"excerpt":{"rendered":"<p>Mac Services Biete Hilfestellung im Bereich MAC Notebooks: Wer seine Arbeitsumgebung liebt und die Zeit nur f\u00fcr wichtige Themen nutzen m\u00f6chte sollte seinen Mac soweit absichern das bei einem Verlust des Ger\u00e4tes alles noch da ist und man seine Zeit nicht mit unn\u00f6tigen Installieren oder wiederbeschaffen seiner Daten lange verbringt.Das Mac Betriebssystem hat fast alle [&hellip;]<\/p>\n","protected":false},"author":1,"featured_media":0,"parent":0,"menu_order":0,"comment_status":"closed","ping_status":"closed","template":"","meta":{"site-sidebar-layout":"default","site-content-layout":"default","ast-site-content-layout":"default","site-content-style":"default","site-sidebar-style":"default","ast-global-header-display":"","ast-banner-title-visibility":"","ast-main-header-display":"","ast-hfb-above-header-display":"","ast-hfb-below-header-display":"","ast-hfb-mobile-header-display":"","site-post-title":"","ast-breadcrumbs-content":"","ast-featured-img":"","footer-sml-layout":"","ast-disable-related-posts":"","theme-transparent-header-meta":"default","adv-header-id-meta":"","stick-header-meta":"","header-above-stick-meta":"","header-main-stick-meta":"","header-below-stick-meta":"","astra-migrate-meta-layouts":"set","ast-page-background-enabled":"default","ast-page-background-meta":{"desktop":{"background-color":"","background-image":"","background-repeat":"repeat","background-position":"center center","background-size":"auto","background-attachment":"scroll","background-type":"","background-media":"","overlay-type":"","overlay-color":"","overlay-opacity":"","overlay-gradient":""},"tablet":{"background-color":"","background-image":"","background-repeat":"repeat","background-position":"center center","background-size":"auto","background-attachment":"scroll","background-type":"","background-media":"","overlay-type":"","overlay-color":"","overlay-opacity":"","overlay-gradient":""},"mobile":{"background-color":"","background-image":"","background-repeat":"repeat","background-position":"center center","background-size":"auto","background-attachment":"scroll","background-type":"","background-media":"","overlay-type":"","overlay-color":"","overlay-opacity":"","overlay-gradient":""}},"ast-content-background-meta":{"desktop":{"background-color":"var(--ast-global-color-5)","background-image":"","background-repeat":"repeat","background-position":"center center","background-size":"auto","background-attachment":"scroll","background-type":"","background-media":"","overlay-type":"","overlay-color":"","overlay-opacity":"","overlay-gradient":""},"tablet":{"background-color":"var(--ast-global-color-5)","background-image":"","background-repeat":"repeat","background-position":"center center","background-size":"auto","background-attachment":"scroll","background-type":"","background-media":"","overlay-type":"","overlay-color":"","overlay-opacity":"","overlay-gradient":""},"mobile":{"background-color":"var(--ast-global-color-5)","background-image":"","background-repeat":"repeat","background-position":"center center","background-size":"auto","background-attachment":"scroll","background-type":"","background-media":"","overlay-type":"","overlay-color":"","overlay-opacity":"","overlay-gradient":""}},"footnotes":""},"class_list":["post-74","page","type-page","status-publish","hentry"],"yoast_head":"<!-- This site is optimized with the Yoast SEO plugin v27.5 - https:\/\/yoast.com\/product\/yoast-seo-wordpress\/ -->\n<title>Mac - Services - TOMPAZ<\/title>\n<meta name=\"robots\" content=\"index, follow, max-snippet:-1, max-image-preview:large, max-video-preview:-1\" \/>\n<link rel=\"canonical\" href=\"https:\/\/www.tompaz.org\/index.php\/services\/\" \/>\n<meta property=\"og:locale\" content=\"de_DE\" \/>\n<meta property=\"og:type\" content=\"article\" \/>\n<meta property=\"og:title\" content=\"Mac - Services - TOMPAZ\" \/>\n<meta property=\"og:description\" content=\"Mac Services Biete Hilfestellung im Bereich MAC Notebooks: Wer seine Arbeitsumgebung liebt und die Zeit nur f\u00fcr wichtige Themen nutzen m\u00f6chte sollte seinen Mac soweit absichern das bei einem Verlust des Ger\u00e4tes alles noch da ist und man seine Zeit nicht mit unn\u00f6tigen Installieren oder wiederbeschaffen seiner Daten lange verbringt.Das Mac Betriebssystem hat fast alle [&hellip;]\" \/>\n<meta property=\"og:url\" content=\"https:\/\/www.tompaz.org\/index.php\/services\/\" \/>\n<meta property=\"og:site_name\" content=\"TOMPAZ\" \/>\n<meta property=\"article:modified_time\" content=\"2023-11-22T19:51:31+00:00\" \/>\n<meta property=\"og:image\" content=\"https:\/\/www.tompaz.org\/wp-content\/uploads\/2021\/02\/Bildschirmfoto-2021-02-06-um-12.14.15-1024x601.jpg\" \/>\n<meta name=\"twitter:card\" content=\"summary_large_image\" \/>\n<meta name=\"twitter:label1\" content=\"Gesch\u00e4tzte Lesezeit\" \/>\n\t<meta name=\"twitter:data1\" content=\"2\u00a0Minuten\" \/>\n<script type=\"application\/ld+json\" class=\"yoast-schema-graph\">{\"@context\":\"https:\\\/\\\/schema.org\",\"@graph\":[{\"@type\":\"WebPage\",\"@id\":\"https:\\\/\\\/www.tompaz.org\\\/index.php\\\/services\\\/\",\"url\":\"https:\\\/\\\/www.tompaz.org\\\/index.php\\\/services\\\/\",\"name\":\"Mac - Services - TOMPAZ\",\"isPartOf\":{\"@id\":\"https:\\\/\\\/www.tompaz.org\\\/#website\"},\"primaryImageOfPage\":{\"@id\":\"https:\\\/\\\/www.tompaz.org\\\/index.php\\\/services\\\/#primaryimage\"},\"image\":{\"@id\":\"https:\\\/\\\/www.tompaz.org\\\/index.php\\\/services\\\/#primaryimage\"},\"thumbnailUrl\":\"https:\\\/\\\/www.tompaz.org\\\/wp-content\\\/uploads\\\/2021\\\/02\\\/Bildschirmfoto-2021-02-06-um-12.14.15-1024x601.jpg\",\"datePublished\":\"2020-12-11T10:54:09+00:00\",\"dateModified\":\"2023-11-22T19:51:31+00:00\",\"breadcrumb\":{\"@id\":\"https:\\\/\\\/www.tompaz.org\\\/index.php\\\/services\\\/#breadcrumb\"},\"inLanguage\":\"de\",\"potentialAction\":[{\"@type\":\"ReadAction\",\"target\":[\"https:\\\/\\\/www.tompaz.org\\\/index.php\\\/services\\\/\"]}]},{\"@type\":\"ImageObject\",\"inLanguage\":\"de\",\"@id\":\"https:\\\/\\\/www.tompaz.org\\\/index.php\\\/services\\\/#primaryimage\",\"url\":\"https:\\\/\\\/www.tompaz.org\\\/wp-content\\\/uploads\\\/2021\\\/02\\\/Bildschirmfoto-2021-02-06-um-12.14.15.jpg\",\"contentUrl\":\"https:\\\/\\\/www.tompaz.org\\\/wp-content\\\/uploads\\\/2021\\\/02\\\/Bildschirmfoto-2021-02-06-um-12.14.15.jpg\",\"width\":1182,\"height\":694},{\"@type\":\"BreadcrumbList\",\"@id\":\"https:\\\/\\\/www.tompaz.org\\\/index.php\\\/services\\\/#breadcrumb\",\"itemListElement\":[{\"@type\":\"ListItem\",\"position\":1,\"name\":\"Home\",\"item\":\"https:\\\/\\\/www.tompaz.org\\\/\"},{\"@type\":\"ListItem\",\"position\":2,\"name\":\"Mac &#8211; Services\"}]},{\"@type\":\"WebSite\",\"@id\":\"https:\\\/\\\/www.tompaz.org\\\/#website\",\"url\":\"https:\\\/\\\/www.tompaz.org\\\/\",\"name\":\"TOMPAZ\",\"description\":\"IT \\\/ Photo \\\/ Automatisierung Services\",\"publisher\":{\"@id\":\"https:\\\/\\\/www.tompaz.org\\\/#organization\"},\"potentialAction\":[{\"@type\":\"SearchAction\",\"target\":{\"@type\":\"EntryPoint\",\"urlTemplate\":\"https:\\\/\\\/www.tompaz.org\\\/?s={search_term_string}\"},\"query-input\":{\"@type\":\"PropertyValueSpecification\",\"valueRequired\":true,\"valueName\":\"search_term_string\"}}],\"inLanguage\":\"de\"},{\"@type\":\"Organization\",\"@id\":\"https:\\\/\\\/www.tompaz.org\\\/#organization\",\"name\":\"TOMPAZ\",\"url\":\"https:\\\/\\\/www.tompaz.org\\\/\",\"logo\":{\"@type\":\"ImageObject\",\"inLanguage\":\"de\",\"@id\":\"https:\\\/\\\/www.tompaz.org\\\/#\\\/schema\\\/logo\\\/image\\\/\",\"url\":\"https:\\\/\\\/www.tompaz.org\\\/wp-content\\\/uploads\\\/2020\\\/12\\\/cropped-logo.jpg\",\"contentUrl\":\"https:\\\/\\\/www.tompaz.org\\\/wp-content\\\/uploads\\\/2020\\\/12\\\/cropped-logo.jpg\",\"width\":210,\"height\":70,\"caption\":\"TOMPAZ\"},\"image\":{\"@id\":\"https:\\\/\\\/www.tompaz.org\\\/#\\\/schema\\\/logo\\\/image\\\/\"}}]}<\/script>\n<!-- \/ Yoast SEO plugin. -->","yoast_head_json":{"title":"Mac - Services - TOMPAZ","robots":{"index":"index","follow":"follow","max-snippet":"max-snippet:-1","max-image-preview":"max-image-preview:large","max-video-preview":"max-video-preview:-1"},"canonical":"https:\/\/www.tompaz.org\/index.php\/services\/","og_locale":"de_DE","og_type":"article","og_title":"Mac - Services - TOMPAZ","og_description":"Mac Services Biete Hilfestellung im Bereich MAC Notebooks: Wer seine Arbeitsumgebung liebt und die Zeit nur f\u00fcr wichtige Themen nutzen m\u00f6chte sollte seinen Mac soweit absichern das bei einem Verlust des Ger\u00e4tes alles noch da ist und man seine Zeit nicht mit unn\u00f6tigen Installieren oder wiederbeschaffen seiner Daten lange verbringt.Das Mac Betriebssystem hat fast alle [&hellip;]","og_url":"https:\/\/www.tompaz.org\/index.php\/services\/","og_site_name":"TOMPAZ","article_modified_time":"2023-11-22T19:51:31+00:00","og_image":[{"url":"https:\/\/www.tompaz.org\/wp-content\/uploads\/2021\/02\/Bildschirmfoto-2021-02-06-um-12.14.15-1024x601.jpg","type":"","width":"","height":""}],"twitter_card":"summary_large_image","twitter_misc":{"Gesch\u00e4tzte Lesezeit":"2\u00a0Minuten"},"schema":{"@context":"https:\/\/schema.org","@graph":[{"@type":"WebPage","@id":"https:\/\/www.tompaz.org\/index.php\/services\/","url":"https:\/\/www.tompaz.org\/index.php\/services\/","name":"Mac - Services - TOMPAZ","isPartOf":{"@id":"https:\/\/www.tompaz.org\/#website"},"primaryImageOfPage":{"@id":"https:\/\/www.tompaz.org\/index.php\/services\/#primaryimage"},"image":{"@id":"https:\/\/www.tompaz.org\/index.php\/services\/#primaryimage"},"thumbnailUrl":"https:\/\/www.tompaz.org\/wp-content\/uploads\/2021\/02\/Bildschirmfoto-2021-02-06-um-12.14.15-1024x601.jpg","datePublished":"2020-12-11T10:54:09+00:00","dateModified":"2023-11-22T19:51:31+00:00","breadcrumb":{"@id":"https:\/\/www.tompaz.org\/index.php\/services\/#breadcrumb"},"inLanguage":"de","potentialAction":[{"@type":"ReadAction","target":["https:\/\/www.tompaz.org\/index.php\/services\/"]}]},{"@type":"ImageObject","inLanguage":"de","@id":"https:\/\/www.tompaz.org\/index.php\/services\/#primaryimage","url":"https:\/\/www.tompaz.org\/wp-content\/uploads\/2021\/02\/Bildschirmfoto-2021-02-06-um-12.14.15.jpg","contentUrl":"https:\/\/www.tompaz.org\/wp-content\/uploads\/2021\/02\/Bildschirmfoto-2021-02-06-um-12.14.15.jpg","width":1182,"height":694},{"@type":"BreadcrumbList","@id":"https:\/\/www.tompaz.org\/index.php\/services\/#breadcrumb","itemListElement":[{"@type":"ListItem","position":1,"name":"Home","item":"https:\/\/www.tompaz.org\/"},{"@type":"ListItem","position":2,"name":"Mac &#8211; Services"}]},{"@type":"WebSite","@id":"https:\/\/www.tompaz.org\/#website","url":"https:\/\/www.tompaz.org\/","name":"TOMPAZ","description":"IT \/ Photo \/ Automatisierung Services","publisher":{"@id":"https:\/\/www.tompaz.org\/#organization"},"potentialAction":[{"@type":"SearchAction","target":{"@type":"EntryPoint","urlTemplate":"https:\/\/www.tompaz.org\/?s={search_term_string}"},"query-input":{"@type":"PropertyValueSpecification","valueRequired":true,"valueName":"search_term_string"}}],"inLanguage":"de"},{"@type":"Organization","@id":"https:\/\/www.tompaz.org\/#organization","name":"TOMPAZ","url":"https:\/\/www.tompaz.org\/","logo":{"@type":"ImageObject","inLanguage":"de","@id":"https:\/\/www.tompaz.org\/#\/schema\/logo\/image\/","url":"https:\/\/www.tompaz.org\/wp-content\/uploads\/2020\/12\/cropped-logo.jpg","contentUrl":"https:\/\/www.tompaz.org\/wp-content\/uploads\/2020\/12\/cropped-logo.jpg","width":210,"height":70,"caption":"TOMPAZ"},"image":{"@id":"https:\/\/www.tompaz.org\/#\/schema\/logo\/image\/"}}]}},"jetpack_sharing_enabled":true,"_links":{"self":[{"href":"https:\/\/www.tompaz.org\/index.php\/wp-json\/wp\/v2\/pages\/74","targetHints":{"allow":["GET"]}}],"collection":[{"href":"https:\/\/www.tompaz.org\/index.php\/wp-json\/wp\/v2\/pages"}],"about":[{"href":"https:\/\/www.tompaz.org\/index.php\/wp-json\/wp\/v2\/types\/page"}],"author":[{"embeddable":true,"href":"https:\/\/www.tompaz.org\/index.php\/wp-json\/wp\/v2\/users\/1"}],"replies":[{"embeddable":true,"href":"https:\/\/www.tompaz.org\/index.php\/wp-json\/wp\/v2\/comments?post=74"}],"version-history":[{"count":18,"href":"https:\/\/www.tompaz.org\/index.php\/wp-json\/wp\/v2\/pages\/74\/revisions"}],"predecessor-version":[{"id":291,"href":"https:\/\/www.tompaz.org\/index.php\/wp-json\/wp\/v2\/pages\/74\/revisions\/291"}],"wp:attachment":[{"href":"https:\/\/www.tompaz.org\/index.php\/wp-json\/wp\/v2\/media?parent=74"}],"curies":[{"name":"wp","href":"https:\/\/api.w.org\/{rel}","templated":true}]}}